{"id":948,"date":"2016-04-17T17:46:18","date_gmt":"2016-04-17T17:46:18","guid":{"rendered":"https:\/\/okalgarve.com\/home\/home\/?page_id=948"},"modified":"2019-01-16T17:13:23","modified_gmt":"2019-01-16T17:13:23","slug":"t2-balaia","status":"publish","type":"page","link":"https:\/\/okalgarve.com\/home\/home\/t2-balaia\/","title":{"rendered":"T2 Balaia"},"content":{"rendered":"\n\t<p>\u00a0<\/p>\n<p>\u00a0<\/p>\n<p>\u00a0<\/p>\n<p>\u00a0<\/p>\n<p>\u00a0<\/p>\n<p>\u00a0<\/p>\n<p>\u00a0<\/p>\n\t<p><strong>T2 BALAIA<br \/><\/strong><\/p>\n\t<script type=\"text\/javascript\">\r\ndocument.addEventListener(\"DOMContentLoaded\", function(event) { \r\n\tjQuery( '#slider-pro-3-947' ).sliderPro({\r\n\t\t\/\/width\r\n\t\t\t\twidth: 800,\r\n\t\t\t\t\r\n\t\t\/\/height\r\n\t\t\t\theight: 500,\r\n\t\t\t\t\r\n\t\t\/\/auto play\r\n\t\t\t\t\t\t\t\tautoplay:  false,\r\n\t\t\t\tautoplayDelay: 5000,\r\n\t\t\r\n\t\t\r\n\t\tarrows: true,\r\n\t\tbuttons: false,\r\n\t\tsmallSize: 500,\r\n\t\tmediumSize: 1000,\r\n\t\tlargeSize: 3000,\r\n\t\tfade: true,\r\n\t\t\r\n\t\t\/\/thumbnail\r\n\t\tthumbnailArrows: true,\r\n\t\tthumbnailWidth: 100,\r\n\t\tthumbnailHeight: 120,\r\n\t\t\t\t\t\tthumbnailsPosition: 'bottom',\r\n\t\t\t\t\t\tthumbnailPointer: true, \r\n\t\t\t\tcenterImage: true,\r\n\t\timageScaleMode: 'cover',\r\n\t\tallowScaleUp: true,\r\n\t\t\t\tstartSlide: 0,\r\n\t\tloop: true,\r\n\t\tslideDistance: 5,\r\n\t\tautoplayDirection: 'normal',\r\n\t\ttouchSwipe: true,\r\n\t\tfullScreen: true,\r\n\t});\r\n});\r\n<\/script>\r\n\r\n\t\t<div id=\"slider-pro-3-947\" class=\"slider-pro\">\r\n\t\t\t<!---- slides div start ---->\r\n\t\t\t<div class=\"sp-slides\">\r\n\t\t\t\t\t\t\t\t\t\t<div class=\"sp-slide\">\r\n\t\t\t\t\t\t\t<img decoding=\"async\" class=\"sp-image\" loading=\"lazy\" alt=\"\" src=\"https:\/\/okalgarve.com\/wp-content\/plugins\/ultimate-responsive-image-slider\/assets\/css\/images\/blank.gif\" data-src=\"https:\/\/okalgarve.com\/wp-content\/uploads\/2016\/04\/21006589.jpg\" \/>\r\n\r\n\t\t\t\t\t\t\t\r\n\t\t\t\t\t\t\t\t\t\t\t\t\t<\/div>\r\n\t\t\t\t\t\t\t\t\t\t\t\t<div class=\"sp-slide\">\r\n\t\t\t\t\t\t\t<img decoding=\"async\" class=\"sp-image\" loading=\"lazy\" alt=\"\" src=\"https:\/\/okalgarve.com\/wp-content\/plugins\/ultimate-responsive-image-slider\/assets\/css\/images\/blank.gif\" data-src=\"https:\/\/okalgarve.com\/wp-content\/uploads\/2016\/04\/21011794.jpg\" \/>\r\n\r\n\t\t\t\t\t\t\t\r\n\t\t\t\t\t\t\t\t\t\t\t\t\t<\/div>\r\n\t\t\t\t\t\t\t\t\t\t\t\t<div class=\"sp-slide\">\r\n\t\t\t\t\t\t\t<img decoding=\"async\" class=\"sp-image\" loading=\"lazy\" alt=\"\" src=\"https:\/\/okalgarve.com\/wp-content\/plugins\/ultimate-responsive-image-slider\/assets\/css\/images\/blank.gif\" data-src=\"https:\/\/okalgarve.com\/wp-content\/uploads\/2016\/04\/swimming-pool-day-view.jpg\" \/>\r\n\r\n\t\t\t\t\t\t\t\r\n\t\t\t\t\t\t\t\t\t\t\t\t\t<\/div>\r\n\t\t\t\t\t\t\t\t\t\t\t\t<div class=\"sp-slide\">\r\n\t\t\t\t\t\t\t<img decoding=\"async\" class=\"sp-image\" loading=\"lazy\" alt=\"\" src=\"https:\/\/okalgarve.com\/wp-content\/plugins\/ultimate-responsive-image-slider\/assets\/css\/images\/blank.gif\" data-src=\"https:\/\/okalgarve.com\/wp-content\/uploads\/2016\/04\/balaia-mar-cover.jpg\" \/>\r\n\r\n\t\t\t\t\t\t\t\r\n\t\t\t\t\t\t\t\t\t\t\t\t\t<\/div>\r\n\t\t\t\t\t\t\t\t\t\t\t\t<div class=\"sp-slide\">\r\n\t\t\t\t\t\t\t<img decoding=\"async\" class=\"sp-image\" loading=\"lazy\" alt=\"\" src=\"https:\/\/okalgarve.com\/wp-content\/plugins\/ultimate-responsive-image-slider\/assets\/css\/images\/blank.gif\" data-src=\"https:\/\/okalgarve.com\/wp-content\/uploads\/2016\/04\/21007234.jpg\" \/>\r\n\r\n\t\t\t\t\t\t\t\r\n\t\t\t\t\t\t\t\t\t\t\t\t\t<\/div>\r\n\t\t\t\t\t\t\t\t\t\t\t\t<div class=\"sp-slide\">\r\n\t\t\t\t\t\t\t<img decoding=\"async\" class=\"sp-image\" loading=\"lazy\" alt=\"\" src=\"https:\/\/okalgarve.com\/wp-content\/plugins\/ultimate-responsive-image-slider\/assets\/css\/images\/blank.gif\" data-src=\"https:\/\/okalgarve.com\/wp-content\/uploads\/2016\/04\/b03.jpg\" \/>\r\n\r\n\t\t\t\t\t\t\t\r\n\t\t\t\t\t\t\t\t\t\t\t\t\t<\/div>\r\n\t\t\t\t\t\t\t\t\t\t\t\t<div class=\"sp-slide\">\r\n\t\t\t\t\t\t\t<img decoding=\"async\" class=\"sp-image\" loading=\"lazy\" alt=\"\" src=\"https:\/\/okalgarve.com\/wp-content\/plugins\/ultimate-responsive-image-slider\/assets\/css\/images\/blank.gif\" data-src=\"https:\/\/okalgarve.com\/wp-content\/uploads\/2016\/04\/b06.jpg\" \/>\r\n\r\n\t\t\t\t\t\t\t\r\n\t\t\t\t\t\t\t\t\t\t\t\t\t<\/div>\r\n\t\t\t\t\t\t\t\t\t\t\t\t<div class=\"sp-slide\">\r\n\t\t\t\t\t\t\t<img decoding=\"async\" class=\"sp-image\" loading=\"lazy\" alt=\"\" src=\"https:\/\/okalgarve.com\/wp-content\/plugins\/ultimate-responsive-image-slider\/assets\/css\/images\/blank.gif\" data-src=\"https:\/\/okalgarve.com\/wp-content\/uploads\/2016\/04\/b05.jpg\" \/>\r\n\r\n\t\t\t\t\t\t\t\r\n\t\t\t\t\t\t\t\t\t\t\t\t\t<\/div>\r\n\t\t\t\t\t\t\t\t\t\t\t\t<div class=\"sp-slide\">\r\n\t\t\t\t\t\t\t<img decoding=\"async\" class=\"sp-image\" loading=\"lazy\" alt=\"\" src=\"https:\/\/okalgarve.com\/wp-content\/plugins\/ultimate-responsive-image-slider\/assets\/css\/images\/blank.gif\" data-src=\"https:\/\/okalgarve.com\/wp-content\/uploads\/2016\/04\/b04.jpg\" \/>\r\n\r\n\t\t\t\t\t\t\t\r\n\t\t\t\t\t\t\t\t\t\t\t\t\t<\/div>\r\n\t\t\t\t\t\t\t\t\t\t\t\t<div class=\"sp-slide\">\r\n\t\t\t\t\t\t\t<img decoding=\"async\" class=\"sp-image\" loading=\"lazy\" alt=\"\" src=\"https:\/\/okalgarve.com\/wp-content\/plugins\/ultimate-responsive-image-slider\/assets\/css\/images\/blank.gif\" data-src=\"https:\/\/okalgarve.com\/wp-content\/uploads\/2016\/04\/b11.jpg\" \/>\r\n\r\n\t\t\t\t\t\t\t\r\n\t\t\t\t\t\t\t\t\t\t\t\t\t<\/div>\r\n\t\t\t\t\t\t\t\t\t\t\t\t<div class=\"sp-slide\">\r\n\t\t\t\t\t\t\t<img decoding=\"async\" class=\"sp-image\" loading=\"lazy\" alt=\"\" src=\"https:\/\/okalgarve.com\/wp-content\/plugins\/ultimate-responsive-image-slider\/assets\/css\/images\/blank.gif\" data-src=\"https:\/\/okalgarve.com\/wp-content\/uploads\/2016\/04\/b02.jpg\" \/>\r\n\r\n\t\t\t\t\t\t\t\r\n\t\t\t\t\t\t\t\t\t\t\t\t\t<\/div>\r\n\t\t\t\t\t\t\t\t\t\t\t\t<div class=\"sp-slide\">\r\n\t\t\t\t\t\t\t<img decoding=\"async\" class=\"sp-image\" loading=\"lazy\" alt=\"\" src=\"https:\/\/okalgarve.com\/wp-content\/plugins\/ultimate-responsive-image-slider\/assets\/css\/images\/blank.gif\" data-src=\"https:\/\/okalgarve.com\/wp-content\/uploads\/2016\/04\/B01.jpg\" \/>\r\n\r\n\t\t\t\t\t\t\t\r\n\t\t\t\t\t\t\t\t\t\t\t\t\t<\/div>\r\n\t\t\t\t\t\t\t\t\t\t\t\t<div class=\"sp-slide\">\r\n\t\t\t\t\t\t\t<img decoding=\"async\" class=\"sp-image\" loading=\"lazy\" alt=\"\" src=\"https:\/\/okalgarve.com\/wp-content\/plugins\/ultimate-responsive-image-slider\/assets\/css\/images\/blank.gif\" data-src=\"https:\/\/okalgarve.com\/wp-content\/uploads\/2016\/04\/b07.jpg\" \/>\r\n\r\n\t\t\t\t\t\t\t\r\n\t\t\t\t\t\t\t\t\t\t\t\t\t<\/div>\r\n\t\t\t\t\t\t\t\t\t\t\t\t<div class=\"sp-slide\">\r\n\t\t\t\t\t\t\t<img decoding=\"async\" class=\"sp-image\" loading=\"lazy\" alt=\"\" src=\"https:\/\/okalgarve.com\/wp-content\/plugins\/ultimate-responsive-image-slider\/assets\/css\/images\/blank.gif\" data-src=\"https:\/\/okalgarve.com\/wp-content\/uploads\/2016\/04\/BQN1COMPRESS.jpg\" \/>\r\n\r\n\t\t\t\t\t\t\t\r\n\t\t\t\t\t\t\t\t\t\t\t\t\t<\/div>\r\n\t\t\t\t\t\t\t\t\t\t\t\t<div class=\"sp-slide\">\r\n\t\t\t\t\t\t\t<img decoding=\"async\" class=\"sp-image\" loading=\"lazy\" alt=\"\" src=\"https:\/\/okalgarve.com\/wp-content\/plugins\/ultimate-responsive-image-slider\/assets\/css\/images\/blank.gif\" data-src=\"https:\/\/okalgarve.com\/wp-content\/uploads\/2016\/04\/BQN2COMPRESS.jpg\" \/>\r\n\r\n\t\t\t\t\t\t\t\r\n\t\t\t\t\t\t\t\t\t\t\t\t\t<\/div>\r\n\t\t\t\t\t\t\t\t\t\t\t\t<div class=\"sp-slide\">\r\n\t\t\t\t\t\t\t<img decoding=\"async\" class=\"sp-image\" loading=\"lazy\" alt=\"\" src=\"https:\/\/okalgarve.com\/wp-content\/plugins\/ultimate-responsive-image-slider\/assets\/css\/images\/blank.gif\" data-src=\"https:\/\/okalgarve.com\/wp-content\/uploads\/2016\/04\/b08.jpg\" \/>\r\n\r\n\t\t\t\t\t\t\t\r\n\t\t\t\t\t\t\t\t\t\t\t\t\t<\/div>\r\n\t\t\t\t\t\t\t\t\t<\/div>\r\n\t\t\t\r\n\t\t\t<!---- slides div end ---->\r\n\t\t\t\t\t\t<!-- slides thumbnails div start -->\r\n\t\t\t<div class=\"sp-thumbnails\">\r\n\t\t\t\t\t\t\t\t\t\t<img decoding=\"async\" class=\"sp-thumbnail\" loading=\"lazy\" src=\"https:\/\/okalgarve.com\/wp-content\/plugins\/ultimate-responsive-image-slider\/assets\/img\/loading.gif\" data-src=\"https:\/\/okalgarve.com\/wp-content\/uploads\/2016\/04\/21006589-300x164.jpg\" alt=\"\"\/>\r\n\t\t\t\t\t\t\t\t\t\t\t<img decoding=\"async\" class=\"sp-thumbnail\" loading=\"lazy\" src=\"https:\/\/okalgarve.com\/wp-content\/plugins\/ultimate-responsive-image-slider\/assets\/img\/loading.gif\" data-src=\"https:\/\/okalgarve.com\/wp-content\/uploads\/2016\/04\/21011794-300x164.jpg\" alt=\"\"\/>\r\n\t\t\t\t\t\t\t\t\t\t\t<img decoding=\"async\" class=\"sp-thumbnail\" loading=\"lazy\" src=\"https:\/\/okalgarve.com\/wp-content\/plugins\/ultimate-responsive-image-slider\/assets\/img\/loading.gif\" data-src=\"https:\/\/okalgarve.com\/wp-content\/uploads\/2016\/04\/swimming-pool-day-view-300x200.jpg\" alt=\"\"\/>\r\n\t\t\t\t\t\t\t\t\t\t\t<img decoding=\"async\" class=\"sp-thumbnail\" loading=\"lazy\" src=\"https:\/\/okalgarve.com\/wp-content\/plugins\/ultimate-responsive-image-slider\/assets\/img\/loading.gif\" data-src=\"https:\/\/okalgarve.com\/wp-content\/uploads\/2016\/04\/balaia-mar-cover-300x166.jpg\" alt=\"\"\/>\r\n\t\t\t\t\t\t\t\t\t\t\t<img decoding=\"async\" class=\"sp-thumbnail\" loading=\"lazy\" src=\"https:\/\/okalgarve.com\/wp-content\/plugins\/ultimate-responsive-image-slider\/assets\/img\/loading.gif\" data-src=\"https:\/\/okalgarve.com\/wp-content\/uploads\/2016\/04\/21007234-300x164.jpg\" alt=\"\"\/>\r\n\t\t\t\t\t\t\t\t\t\t\t<img decoding=\"async\" class=\"sp-thumbnail\" loading=\"lazy\" src=\"https:\/\/okalgarve.com\/wp-content\/plugins\/ultimate-responsive-image-slider\/assets\/img\/loading.gif\" data-src=\"https:\/\/okalgarve.com\/wp-content\/uploads\/2016\/04\/b03-300x191.jpg\" alt=\"\"\/>\r\n\t\t\t\t\t\t\t\t\t\t\t<img decoding=\"async\" class=\"sp-thumbnail\" loading=\"lazy\" src=\"https:\/\/okalgarve.com\/wp-content\/plugins\/ultimate-responsive-image-slider\/assets\/img\/loading.gif\" data-src=\"https:\/\/okalgarve.com\/wp-content\/uploads\/2016\/04\/b06-300x191.jpg\" alt=\"\"\/>\r\n\t\t\t\t\t\t\t\t\t\t\t<img decoding=\"async\" class=\"sp-thumbnail\" loading=\"lazy\" src=\"https:\/\/okalgarve.com\/wp-content\/plugins\/ultimate-responsive-image-slider\/assets\/img\/loading.gif\" data-src=\"https:\/\/okalgarve.com\/wp-content\/uploads\/2016\/04\/b05-300x191.jpg\" alt=\"\"\/>\r\n\t\t\t\t\t\t\t\t\t\t\t<img decoding=\"async\" class=\"sp-thumbnail\" loading=\"lazy\" src=\"https:\/\/okalgarve.com\/wp-content\/plugins\/ultimate-responsive-image-slider\/assets\/img\/loading.gif\" data-src=\"https:\/\/okalgarve.com\/wp-content\/uploads\/2016\/04\/b04-300x191.jpg\" alt=\"\"\/>\r\n\t\t\t\t\t\t\t\t\t\t\t<img decoding=\"async\" class=\"sp-thumbnail\" loading=\"lazy\" src=\"https:\/\/okalgarve.com\/wp-content\/plugins\/ultimate-responsive-image-slider\/assets\/img\/loading.gif\" data-src=\"https:\/\/okalgarve.com\/wp-content\/uploads\/2016\/04\/b11-300x191.jpg\" alt=\"\"\/>\r\n\t\t\t\t\t\t\t\t\t\t\t<img decoding=\"async\" class=\"sp-thumbnail\" loading=\"lazy\" src=\"https:\/\/okalgarve.com\/wp-content\/plugins\/ultimate-responsive-image-slider\/assets\/img\/loading.gif\" data-src=\"https:\/\/okalgarve.com\/wp-content\/uploads\/2016\/04\/b02-300x191.jpg\" alt=\"\"\/>\r\n\t\t\t\t\t\t\t\t\t\t\t<img decoding=\"async\" class=\"sp-thumbnail\" loading=\"lazy\" src=\"https:\/\/okalgarve.com\/wp-content\/plugins\/ultimate-responsive-image-slider\/assets\/img\/loading.gif\" data-src=\"https:\/\/okalgarve.com\/wp-content\/uploads\/2016\/04\/B01-300x191.jpg\" alt=\"\"\/>\r\n\t\t\t\t\t\t\t\t\t\t\t<img decoding=\"async\" class=\"sp-thumbnail\" loading=\"lazy\" src=\"https:\/\/okalgarve.com\/wp-content\/plugins\/ultimate-responsive-image-slider\/assets\/img\/loading.gif\" data-src=\"https:\/\/okalgarve.com\/wp-content\/uploads\/2016\/04\/b07-300x191.jpg\" alt=\"\"\/>\r\n\t\t\t\t\t\t\t\t\t\t\t<img decoding=\"async\" class=\"sp-thumbnail\" loading=\"lazy\" src=\"https:\/\/okalgarve.com\/wp-content\/plugins\/ultimate-responsive-image-slider\/assets\/img\/loading.gif\" data-src=\"https:\/\/okalgarve.com\/wp-content\/uploads\/2016\/04\/BQN1COMPRESS-300x200.jpg\" alt=\"\"\/>\r\n\t\t\t\t\t\t\t\t\t\t\t<img decoding=\"async\" class=\"sp-thumbnail\" loading=\"lazy\" src=\"https:\/\/okalgarve.com\/wp-content\/plugins\/ultimate-responsive-image-slider\/assets\/img\/loading.gif\" data-src=\"https:\/\/okalgarve.com\/wp-content\/uploads\/2016\/04\/BQN2COMPRESS-300x200.jpg\" alt=\"\"\/>\r\n\t\t\t\t\t\t\t\t\t\t\t<img decoding=\"async\" class=\"sp-thumbnail\" loading=\"lazy\" src=\"https:\/\/okalgarve.com\/wp-content\/plugins\/ultimate-responsive-image-slider\/assets\/img\/loading.gif\" data-src=\"https:\/\/okalgarve.com\/wp-content\/uploads\/2016\/04\/b08-300x191.jpg\" alt=\"\"\/>\r\n\t\t\t\t\t\t\t\t<\/div>\r\n\t\t\t\t\t\t<!-- slides thumbnails div end -->\r\n\t\t<\/div>\r\n\t\t<style>\r\n\/* Layout 3 *\/\r\n\/* border *\/\r\n\r\n\/* font + color *\/\r\n.title-in  {\r\n\tfont-family: Arial !important;\r\n\tcolor: #FFFFFF !important;\r\n\tbackground-color: #FFFFFF !important;\r\n\topacity: 0.7 !important;\r\n}\r\n.desc-in  {\r\n\tfont-family: Arial !important;\r\n\tcolor: #FFFFFF !important;\r\n\tbackground-color: #FFFFFF !important;\r\n\topacity: 0.7 !important;\r\n}\r\n\r\n\/* bullets color *\/\r\n.sp-button  {\r\n\tborder: 2px solid #FFFFFF !important;\r\n}\r\n.sp-selected-button  {\r\n\tbackground-color: #FFFFFF !important;\r\n}\r\n\r\n\/* pointer color - bottom *\/\r\n.sp-selected-thumbnail::before {\r\n\tborder-bottom: 5px solid #FFFFFF !important;\r\n}\r\n.sp-selected-thumbnail::after {\r\n\tborder-bottom: 13px solid #FFFFFF !important;\r\n}\r\n\r\n\/* pointer color - top *\/\r\n\r\n\/* full screen icon *\/\r\n.sp-full-screen-button::before {\r\n    color: #FFFFFF !important;\r\n}\r\n\r\n\/* hover navigation icon color *\/\r\n.sp-next-arrow::after, .sp-next-arrow::before {\r\n\tbackground-color: #FFFFFF !important;\r\n}\r\n.sp-previous-arrow::after, .sp-previous-arrow::before {\r\n\tbackground-color: #FFFFFF !important;\r\n}\r\n\r\n#slider-pro-3-947 .title-in {\r\n\tcolor: #FFFFFF !important;\r\n\tfont-weight: bolder;\r\n\ttext-align: center;\r\n}\r\n\r\n#slider-pro-3-947 .title-in-bg {\r\n\tbackground: rgba(255, 255, 255, 0.7); !important;\r\n\twhite-space: unset !important;\r\n\ttransform: initial !important;\r\n\t-webkit-transform: initial !important;\r\n\tfont-size: 14px !important;\r\n}\r\n\r\n#slider-pro-3-947 .desc-in {\r\n\tcolor: #FFFFFF !important;\r\n\ttext-align: center;\r\n}\r\n#slider-pro-3-947 .desc-in-bg {\r\n\tbackground: rgba(#FFFFFF, 0.7) !important;\r\n\twhite-space: unset !important;\r\n\ttransform: initial !important;\r\n\t-webkit-transform: initial !important;\r\n\tfont-size: 13px !important;\r\n}\r\n\r\n@media (max-width: 640px) {\r\n\t#slider-pro-3-947 .hide-small-screen {\r\n\t\tdisplay: none;\r\n\t}\r\n}\r\n\r\n@media (max-width: 860px) {\r\n\t#slider-pro-3-947 .sp-layer {\r\n\t\tfont-size: 18px;\r\n\t}\r\n\t\r\n\t#slider-pro-3-947 .hide-medium-screen {\r\n\t\tdisplay: none;\r\n\t}\r\n}\r\n.slides-not-found {\r\n\tbackground-color: #a92929;\r\n\tborder-radius: 5px;\r\n\tcolor: #fff;\r\n\tfont-family: initial;\r\n\ttext-align: center;\r\n\tpadding:12px;\r\n}\r\n\/* Custom CSS *\/\r\n<\/style>\r\n\n<p>\u00a0<\/p>\n<p>Apartamento no 3\u00ba andar, com elevador e ar-condicionado, inserido nos Apartamentos Tur\u00edsticos da Balaia, com 2 quartos, 1 casa de banho, <em>kitchenet<\/em>, sala comum e terra\u00e7o com vista para o mar. A habita\u00e7\u00e3o est\u00e1 equipada com termo-acumulador. Nas instala\u00e7\u00f5es do aldeamento os h\u00f3spedes poder\u00e3o usufruir de um restaurante, piscina comum de grandes dimens\u00f5es, mini-mercado e bar. Os blocos de apartamentos est\u00e3o rodeados de \u00e1reas verdes com ciprestes e pinheiros.<\/p>\n<p>\u00a0<\/p>\n\t<h3>Geral<\/h3>\n<p>\u00a0<\/p>\n<p><img loading=\"lazy\" decoding=\"async\" src=\"https:\/\/okalgarve.com\/home\/home\/wp-content\/uploads\/2016\/04\/people-1.png\" alt=\"people\" width=\"32\" height=\"32\" \/>\u00a0 Capacidade M\u00e1x. 5 Pessoas.<\/p>\n<p><img loading=\"lazy\" decoding=\"async\" src=\"https:\/\/okalgarve.com\/home\/home\/wp-content\/uploads\/2016\/04\/furniture.png\" alt=\"furniture\" width=\"32\" height=\"32\" \/>\u00a0 2 Quartos.<\/p>\n<p><img loading=\"lazy\" decoding=\"async\" src=\"https:\/\/okalgarve.com\/home\/home\/wp-content\/uploads\/2016\/04\/medical-1.png\" alt=\"medical\" width=\"32\" height=\"32\" \/>\u00a0 1 Casas de Banho.<\/p>\n<p><img loading=\"lazy\" decoding=\"async\" src=\"https:\/\/okalgarve.com\/home\/home\/wp-content\/uploads\/2016\/04\/summer-3.png\" alt=\"summer\" width=\"32\" height=\"32\" \/>\u00a0 Praia de Maria Lu\u00edsa a 500m.<\/p>\n<p><img loading=\"lazy\" decoding=\"async\" src=\"https:\/\/okalgarve.com\/home\/home\/wp-content\/uploads\/2016\/04\/commerce-1.png\" alt=\"commerce\" width=\"32\" height=\"32\" \/>\u00a0 Supermercado a 100m.<\/p>\n<p><img loading=\"lazy\" decoding=\"async\" src=\"https:\/\/okalgarve.com\/home\/home\/wp-content\/uploads\/2016\/04\/restaurantes-1.png\" alt=\"restaurantes\" width=\"32\" height=\"32\" \/>\u00a0 Restaurantes a 100m.<\/p>\n<p><img loading=\"lazy\" decoding=\"async\" src=\"https:\/\/okalgarve.com\/home\/home\/wp-content\/uploads\/2016\/04\/medical-2.png\" alt=\"medical\" width=\"32\" height=\"32\" \/>\u00a0 Farm\u00e1cia a 700m.<\/p>\n<p>\u00a0<\/p>\n\t<h3>Equipamentos<\/h3>\n<p>\u00a0<\/p>\n<p><img loading=\"lazy\" decoding=\"async\" src=\"https:\/\/okalgarve.com\/home\/home\/wp-content\/uploads\/2016\/04\/technology-2-1.png\" alt=\"technology-2\" width=\"32\" height=\"32\" \/>\u00a0 Ar-condicionado.<\/p>\n<p><img loading=\"lazy\" decoding=\"async\" src=\"https:\/\/okalgarve.com\/home\/home\/wp-content\/uploads\/2016\/04\/technology-1-1.png\" alt=\"technology-1\" width=\"32\" height=\"32\" \/>\u00a0 TV.<\/p>\n<p><img loading=\"lazy\" decoding=\"async\" src=\"https:\/\/okalgarve.com\/home\/home\/wp-content\/uploads\/2016\/04\/technology-4.png\" alt=\"technology\" width=\"32\" height=\"32\" \/>\u00a0 M\u00e1quina de Lavar Roupa.<\/p>\n<p><img loading=\"lazy\" decoding=\"async\" src=\"https:\/\/okalgarve.com\/home\/home\/wp-content\/uploads\/2016\/04\/spoon.png\" alt=\"spoon\" width=\"32\" height=\"32\" \/>\u00a0 M\u00e1quina de Lavar Loi\u00e7a.<\/p>\n<p><img loading=\"lazy\" decoding=\"async\" src=\"https:\/\/okalgarve.com\/home\/home\/wp-content\/uploads\/2016\/04\/food-1.png\" alt=\"food\" width=\"32\" height=\"32\" \/>\u00a0 M\u00e1quina de Caf\u00e9.<\/p>\n<p><img loading=\"lazy\" decoding=\"async\" src=\"https:\/\/okalgarve.com\/home\/home\/wp-content\/uploads\/2016\/04\/iron-1.png\" alt=\"iron\" width=\"32\" height=\"32\" \/>\u00a0 Ferro de Engomar.<\/p>\n\t<h3>Exterior<\/h3>\n<p>\u00a0<\/p>\n<p><img loading=\"lazy\" decoding=\"async\" src=\"https:\/\/okalgarve.com\/home\/home\/wp-content\/uploads\/2016\/04\/summer-2.png\" alt=\"summer\" width=\"32\" height=\"32\" \/>\u00a0 Piscina Comum.<\/p>\n<p><img loading=\"lazy\" decoding=\"async\" src=\"https:\/\/okalgarve.com\/home\/home\/wp-content\/uploads\/2016\/04\/summer-1-1.png\" alt=\"summer-1\" width=\"32\" height=\"32\" \/>\u00a0 Espregui\u00e7adeiras.<\/p>\n<p><img loading=\"lazy\" decoding=\"async\" src=\"https:\/\/okalgarve.com\/home\/home\/wp-content\/uploads\/2016\/04\/restaurant.png\" alt=\"restaurant\" width=\"32\" height=\"32\" \/>\u00a0 Bar na Piscina.<\/p>\n<p><img loading=\"lazy\" decoding=\"async\" src=\"https:\/\/okalgarve.com\/home\/home\/wp-content\/uploads\/2016\/04\/nature.png\" alt=\"nature\" width=\"32\" height=\"32\" \/>\u00a0 Zona Verde.<\/p>\n\t<iframe loading=\"lazy\" src=\"https:\/\/www.google.com\/maps\/embed?pb=!1m18!1m12!1m3!1d1649.1459505232053!2d-8.207274799592652!3d37.091640736184004!2m3!1f0!2f0!3f0!3m2!1i1024!2i768!4f13.1!3m3!1m2!1s0x0%3A0x0!2zMzfCsDA1JzI5LjgiTiA4wrAxMicyMi42Ilc!5e0!3m2!1spt-PT!2spt!4v1547658654077\" width=\"1285\" height=\"350\" frameborder=\"0\" allowfullscreen><\/iframe>\n\t<p>Reserve j\u00e1 as suas f\u00e9rias de sonho. \u00a0 <a href=\"\/contacto\">contacte-nos<\/a><\/p>\n","protected":false},"excerpt":{"rendered":"","protected":false},"author":1,"featured_media":0,"parent":0,"menu_order":0,"comment_status":"closed","ping_status":"closed","template":"full-width-page.php","meta":{"footnotes":""},"class_list":["post-948","page","type-page","status-publish","hentry"],"_links":{"self":[{"href":"https:\/\/okalgarve.com\/home\/home\/wp-json\/wp\/v2\/pages\/948","targetHints":{"allow":["GET"]}}],"collection":[{"href":"https:\/\/okalgarve.com\/home\/home\/wp-json\/wp\/v2\/pages"}],"about":[{"href":"https:\/\/okalgarve.com\/home\/home\/wp-json\/wp\/v2\/types\/page"}],"author":[{"embeddable":true,"href":"https:\/\/okalgarve.com\/home\/home\/wp-json\/wp\/v2\/users\/1"}],"replies":[{"embeddable":true,"href":"https:\/\/okalgarve.com\/home\/home\/wp-json\/wp\/v2\/comments?post=948"}],"version-history":[{"count":7,"href":"https:\/\/okalgarve.com\/home\/home\/wp-json\/wp\/v2\/pages\/948\/revisions"}],"predecessor-version":[{"id":1574,"href":"https:\/\/okalgarve.com\/home\/home\/wp-json\/wp\/v2\/pages\/948\/revisions\/1574"}],"wp:attachment":[{"href":"https:\/\/okalgarve.com\/home\/home\/wp-json\/wp\/v2\/media?parent=948"}],"curies":[{"name":"wp","href":"https:\/\/api.w.org\/{rel}","templated":true}]}}