{"id":927,"date":"2016-04-17T16:40:21","date_gmt":"2016-04-17T16:40:21","guid":{"rendered":"https:\/\/okalgarve.com\/home\/home\/?page_id=927"},"modified":"2021-01-02T16:17:12","modified_gmt":"2021-01-02T16:17:12","slug":"t2-bosque-de-sao-jose","status":"publish","type":"page","link":"https:\/\/okalgarve.com\/home\/home\/t2-bosque-de-sao-jose\/","title":{"rendered":"T2 Bosque de S\u00e3o Jos\u00e9"},"content":{"rendered":"\n\n\t<p>\u00a0<\/p>\n<p>\u00a0<\/p>\n<p>\u00a0<\/p>\n<p>\u00a0<\/p>\n<p>\u00a0<\/p>\n<p>\u00a0<\/p>\n<p>\u00a0<\/p>\n\t\n\t<script type=\"text\/javascript\">\r\ndocument.addEventListener(\"DOMContentLoaded\", function(event) { \r\n\tjQuery( '#slider-pro-3-929' ).sliderPro({\r\n\t\t\/\/width\r\n\t\t\t\twidth: 800,\r\n\t\t\t\t\r\n\t\t\/\/height\r\n\t\t\t\theight: 500,\r\n\t\t\t\t\r\n\t\t\/\/auto play\r\n\t\t\t\t\t\t\t\tautoplay:  false,\r\n\t\t\t\tautoplayDelay: 5000,\r\n\t\t\r\n\t\t\r\n\t\tarrows: true,\r\n\t\tbuttons: false,\r\n\t\tsmallSize: 500,\r\n\t\tmediumSize: 1000,\r\n\t\tlargeSize: 3000,\r\n\t\tfade: true,\r\n\t\t\r\n\t\t\/\/thumbnail\r\n\t\tthumbnailArrows: true,\r\n\t\tthumbnailWidth: 100,\r\n\t\tthumbnailHeight: 120,\r\n\t\t\t\t\t\tthumbnailsPosition: 'bottom',\r\n\t\t\t\t\t\tthumbnailPointer: true, \r\n\t\t\t\tcenterImage: true,\r\n\t\timageScaleMode: 'cover',\r\n\t\tallowScaleUp: true,\r\n\t\t\t\tstartSlide: 0,\r\n\t\tloop: true,\r\n\t\tslideDistance: 5,\r\n\t\tautoplayDirection: 'normal',\r\n\t\ttouchSwipe: true,\r\n\t\tfullScreen: true,\r\n\t});\r\n});\r\n<\/script>\r\n\r\n\t\t<div id=\"slider-pro-3-929\" class=\"slider-pro\">\r\n\t\t\t<!---- slides div start ---->\r\n\t\t\t<div class=\"sp-slides\">\r\n\t\t\t\t\t\t\t\t\t\t<div class=\"sp-slide\">\r\n\t\t\t\t\t\t\t<img decoding=\"async\" class=\"sp-image\" loading=\"lazy\" alt=\"\" src=\"https:\/\/okalgarve.com\/wp-content\/plugins\/ultimate-responsive-image-slider\/assets\/css\/images\/blank.gif\" data-src=\"https:\/\/okalgarve.com\/wp-content\/uploads\/2016\/04\/IMG_8620-1.jpg\" \/>\r\n\r\n\t\t\t\t\t\t\t\r\n\t\t\t\t\t\t\t\t\t\t\t\t\t<\/div>\r\n\t\t\t\t\t\t\t\t\t\t\t\t<div class=\"sp-slide\">\r\n\t\t\t\t\t\t\t<img decoding=\"async\" class=\"sp-image\" loading=\"lazy\" alt=\"\" src=\"https:\/\/okalgarve.com\/wp-content\/plugins\/ultimate-responsive-image-slider\/assets\/css\/images\/blank.gif\" data-src=\"https:\/\/okalgarve.com\/wp-content\/uploads\/2016\/04\/IMG_8607-1.jpg\" \/>\r\n\r\n\t\t\t\t\t\t\t\r\n\t\t\t\t\t\t\t\t\t\t\t\t\t<\/div>\r\n\t\t\t\t\t\t\t\t\t\t\t\t<div class=\"sp-slide\">\r\n\t\t\t\t\t\t\t<img decoding=\"async\" class=\"sp-image\" loading=\"lazy\" alt=\"\" src=\"https:\/\/okalgarve.com\/wp-content\/plugins\/ultimate-responsive-image-slider\/assets\/css\/images\/blank.gif\" data-src=\"https:\/\/okalgarve.com\/wp-content\/uploads\/2016\/04\/IMG_8604-1.jpg\" \/>\r\n\r\n\t\t\t\t\t\t\t\r\n\t\t\t\t\t\t\t\t\t\t\t\t\t<\/div>\r\n\t\t\t\t\t\t\t\t\t\t\t\t<div class=\"sp-slide\">\r\n\t\t\t\t\t\t\t<img decoding=\"async\" class=\"sp-image\" loading=\"lazy\" alt=\"\" src=\"https:\/\/okalgarve.com\/wp-content\/plugins\/ultimate-responsive-image-slider\/assets\/css\/images\/blank.gif\" data-src=\"https:\/\/okalgarve.com\/wp-content\/uploads\/2016\/04\/cimg4845.jpg\" \/>\r\n\r\n\t\t\t\t\t\t\t\r\n\t\t\t\t\t\t\t\t\t\t\t\t\t<\/div>\r\n\t\t\t\t\t\t\t\t\t\t\t\t<div class=\"sp-slide\">\r\n\t\t\t\t\t\t\t<img decoding=\"async\" class=\"sp-image\" loading=\"lazy\" alt=\"\" src=\"https:\/\/okalgarve.com\/wp-content\/plugins\/ultimate-responsive-image-slider\/assets\/css\/images\/blank.gif\" data-src=\"https:\/\/okalgarve.com\/wp-content\/uploads\/2016\/04\/T2-Bosque-de-Sa\u0303o-Jose\u0301-AR-Sala-Comum-03.jpg\" \/>\r\n\r\n\t\t\t\t\t\t\t\r\n\t\t\t\t\t\t\t\t\t\t\t\t\t<\/div>\r\n\t\t\t\t\t\t\t\t\t\t\t\t<div class=\"sp-slide\">\r\n\t\t\t\t\t\t\t<img decoding=\"async\" class=\"sp-image\" loading=\"lazy\" alt=\"\" src=\"https:\/\/okalgarve.com\/wp-content\/plugins\/ultimate-responsive-image-slider\/assets\/css\/images\/blank.gif\" data-src=\"https:\/\/okalgarve.com\/wp-content\/uploads\/2016\/04\/cimg4841.jpg\" \/>\r\n\r\n\t\t\t\t\t\t\t\r\n\t\t\t\t\t\t\t\t\t\t\t\t\t<\/div>\r\n\t\t\t\t\t\t\t\t\t\t\t\t<div class=\"sp-slide\">\r\n\t\t\t\t\t\t\t<img decoding=\"async\" class=\"sp-image\" loading=\"lazy\" alt=\"\" src=\"https:\/\/okalgarve.com\/wp-content\/plugins\/ultimate-responsive-image-slider\/assets\/css\/images\/blank.gif\" data-src=\"https:\/\/okalgarve.com\/wp-content\/uploads\/2016\/04\/T2-Bosque-de-Sa\u0303o-Jose\u0301-AR-Sala-Comum-01.jpg\" \/>\r\n\r\n\t\t\t\t\t\t\t\r\n\t\t\t\t\t\t\t\t\t\t\t\t\t<\/div>\r\n\t\t\t\t\t\t\t\t\t\t\t\t<div class=\"sp-slide\">\r\n\t\t\t\t\t\t\t<img decoding=\"async\" class=\"sp-image\" loading=\"lazy\" alt=\"\" src=\"https:\/\/okalgarve.com\/wp-content\/plugins\/ultimate-responsive-image-slider\/assets\/css\/images\/blank.gif\" data-src=\"https:\/\/okalgarve.com\/wp-content\/uploads\/2016\/04\/cimg4831.jpg\" \/>\r\n\r\n\t\t\t\t\t\t\t\r\n\t\t\t\t\t\t\t\t\t\t\t\t\t<\/div>\r\n\t\t\t\t\t\t\t\t\t\t\t\t<div class=\"sp-slide\">\r\n\t\t\t\t\t\t\t<img decoding=\"async\" class=\"sp-image\" loading=\"lazy\" alt=\"\" src=\"https:\/\/okalgarve.com\/wp-content\/plugins\/ultimate-responsive-image-slider\/assets\/css\/images\/blank.gif\" data-src=\"https:\/\/okalgarve.com\/wp-content\/uploads\/2016\/04\/T2-Bosque-de-Sa\u0303o-Jose\u0301-AR-Sala-Comum-05.jpg\" \/>\r\n\r\n\t\t\t\t\t\t\t\r\n\t\t\t\t\t\t\t\t\t\t\t\t\t<\/div>\r\n\t\t\t\t\t\t\t\t\t\t\t\t<div class=\"sp-slide\">\r\n\t\t\t\t\t\t\t<img decoding=\"async\" class=\"sp-image\" loading=\"lazy\" alt=\"\" src=\"https:\/\/okalgarve.com\/wp-content\/plugins\/ultimate-responsive-image-slider\/assets\/css\/images\/blank.gif\" data-src=\"https:\/\/okalgarve.com\/wp-content\/uploads\/2016\/04\/cimg4851.jpg\" \/>\r\n\r\n\t\t\t\t\t\t\t\r\n\t\t\t\t\t\t\t\t\t\t\t\t\t<\/div>\r\n\t\t\t\t\t\t\t\t\t\t\t\t<div class=\"sp-slide\">\r\n\t\t\t\t\t\t\t<img decoding=\"async\" class=\"sp-image\" loading=\"lazy\" alt=\"\" src=\"https:\/\/okalgarve.com\/wp-content\/plugins\/ultimate-responsive-image-slider\/assets\/css\/images\/blank.gif\" data-src=\"https:\/\/okalgarve.com\/wp-content\/uploads\/2016\/04\/cimg4819.jpg\" \/>\r\n\r\n\t\t\t\t\t\t\t\r\n\t\t\t\t\t\t\t\t\t\t\t\t\t<\/div>\r\n\t\t\t\t\t\t\t\t\t\t\t\t<div class=\"sp-slide\">\r\n\t\t\t\t\t\t\t<img decoding=\"async\" class=\"sp-image\" loading=\"lazy\" alt=\"\" src=\"https:\/\/okalgarve.com\/wp-content\/plugins\/ultimate-responsive-image-slider\/assets\/css\/images\/blank.gif\" data-src=\"https:\/\/okalgarve.com\/wp-content\/uploads\/2016\/04\/cimg4805.jpg\" \/>\r\n\r\n\t\t\t\t\t\t\t\r\n\t\t\t\t\t\t\t\t\t\t\t\t\t<\/div>\r\n\t\t\t\t\t\t\t\t\t\t\t\t<div class=\"sp-slide\">\r\n\t\t\t\t\t\t\t<img decoding=\"async\" class=\"sp-image\" loading=\"lazy\" alt=\"\" src=\"https:\/\/okalgarve.com\/wp-content\/plugins\/ultimate-responsive-image-slider\/assets\/css\/images\/blank.gif\" data-src=\"https:\/\/okalgarve.com\/wp-content\/uploads\/2016\/04\/t2_bosque_de_sE3o_josE9_ar_quarto_de_casal_02.jpg\" \/>\r\n\r\n\t\t\t\t\t\t\t\r\n\t\t\t\t\t\t\t\t\t\t\t\t\t<\/div>\r\n\t\t\t\t\t\t\t\t\t\t\t\t<div class=\"sp-slide\">\r\n\t\t\t\t\t\t\t<img decoding=\"async\" class=\"sp-image\" loading=\"lazy\" alt=\"\" src=\"https:\/\/okalgarve.com\/wp-content\/plugins\/ultimate-responsive-image-slider\/assets\/css\/images\/blank.gif\" data-src=\"https:\/\/okalgarve.com\/wp-content\/uploads\/2016\/04\/T2-Bosque-de-Sa\u0303o-Jose\u0301-AR-Quarto-de-casal-001o.jpg\" \/>\r\n\r\n\t\t\t\t\t\t\t\r\n\t\t\t\t\t\t\t\t\t\t\t\t\t<\/div>\r\n\t\t\t\t\t\t\t\t\t\t\t\t<div class=\"sp-slide\">\r\n\t\t\t\t\t\t\t<img decoding=\"async\" class=\"sp-image\" loading=\"lazy\" alt=\"\" src=\"https:\/\/okalgarve.com\/wp-content\/plugins\/ultimate-responsive-image-slider\/assets\/css\/images\/blank.gif\" data-src=\"https:\/\/okalgarve.com\/wp-content\/uploads\/2016\/04\/T2-Bosque-de-Sa\u0303o-Jose\u0301-AR-WC.jpg\" \/>\r\n\r\n\t\t\t\t\t\t\t\r\n\t\t\t\t\t\t\t\t\t\t\t\t\t<\/div>\r\n\t\t\t\t\t\t\t\t\t<\/div>\r\n\t\t\t\r\n\t\t\t<!---- slides div end ---->\r\n\t\t\t\t\t\t<!-- slides thumbnails div start -->\r\n\t\t\t<div class=\"sp-thumbnails\">\r\n\t\t\t\t\t\t\t\t\t\t<img decoding=\"async\" class=\"sp-thumbnail\" loading=\"lazy\" src=\"https:\/\/okalgarve.com\/wp-content\/plugins\/ultimate-responsive-image-slider\/assets\/img\/loading.gif\" data-src=\"https:\/\/okalgarve.com\/wp-content\/uploads\/2016\/04\/IMG_8620-1-300x200.jpg\" alt=\"\"\/>\r\n\t\t\t\t\t\t\t\t\t\t\t<img decoding=\"async\" class=\"sp-thumbnail\" loading=\"lazy\" src=\"https:\/\/okalgarve.com\/wp-content\/plugins\/ultimate-responsive-image-slider\/assets\/img\/loading.gif\" data-src=\"https:\/\/okalgarve.com\/wp-content\/uploads\/2016\/04\/IMG_8607-1-300x200.jpg\" alt=\"\"\/>\r\n\t\t\t\t\t\t\t\t\t\t\t<img decoding=\"async\" class=\"sp-thumbnail\" loading=\"lazy\" src=\"https:\/\/okalgarve.com\/wp-content\/plugins\/ultimate-responsive-image-slider\/assets\/img\/loading.gif\" data-src=\"https:\/\/okalgarve.com\/wp-content\/uploads\/2016\/04\/IMG_8604-1-300x200.jpg\" alt=\"\"\/>\r\n\t\t\t\t\t\t\t\t\t\t\t<img decoding=\"async\" class=\"sp-thumbnail\" loading=\"lazy\" src=\"https:\/\/okalgarve.com\/wp-content\/plugins\/ultimate-responsive-image-slider\/assets\/img\/loading.gif\" data-src=\"https:\/\/okalgarve.com\/wp-content\/uploads\/2016\/04\/cimg4845-300x225.jpg\" alt=\"\"\/>\r\n\t\t\t\t\t\t\t\t\t\t\t<img decoding=\"async\" class=\"sp-thumbnail\" loading=\"lazy\" src=\"https:\/\/okalgarve.com\/wp-content\/plugins\/ultimate-responsive-image-slider\/assets\/img\/loading.gif\" data-src=\"https:\/\/okalgarve.com\/wp-content\/uploads\/2016\/04\/T2-Bosque-de-Sa\u0303o-Jose\u0301-AR-Sala-Comum-03-300x225.jpg\" alt=\"\"\/>\r\n\t\t\t\t\t\t\t\t\t\t\t<img decoding=\"async\" class=\"sp-thumbnail\" loading=\"lazy\" src=\"https:\/\/okalgarve.com\/wp-content\/plugins\/ultimate-responsive-image-slider\/assets\/img\/loading.gif\" data-src=\"https:\/\/okalgarve.com\/wp-content\/uploads\/2016\/04\/cimg4841-300x225.jpg\" alt=\"\"\/>\r\n\t\t\t\t\t\t\t\t\t\t\t<img decoding=\"async\" class=\"sp-thumbnail\" loading=\"lazy\" src=\"https:\/\/okalgarve.com\/wp-content\/plugins\/ultimate-responsive-image-slider\/assets\/img\/loading.gif\" data-src=\"https:\/\/okalgarve.com\/wp-content\/uploads\/2016\/04\/T2-Bosque-de-Sa\u0303o-Jose\u0301-AR-Sala-Comum-01-300x225.jpg\" alt=\"\"\/>\r\n\t\t\t\t\t\t\t\t\t\t\t<img decoding=\"async\" class=\"sp-thumbnail\" loading=\"lazy\" src=\"https:\/\/okalgarve.com\/wp-content\/plugins\/ultimate-responsive-image-slider\/assets\/img\/loading.gif\" data-src=\"https:\/\/okalgarve.com\/wp-content\/uploads\/2016\/04\/cimg4831-300x232.jpg\" alt=\"\"\/>\r\n\t\t\t\t\t\t\t\t\t\t\t<img decoding=\"async\" class=\"sp-thumbnail\" loading=\"lazy\" src=\"https:\/\/okalgarve.com\/wp-content\/plugins\/ultimate-responsive-image-slider\/assets\/img\/loading.gif\" data-src=\"https:\/\/okalgarve.com\/wp-content\/uploads\/2016\/04\/T2-Bosque-de-Sa\u0303o-Jose\u0301-AR-Sala-Comum-05-300x225.jpg\" alt=\"\"\/>\r\n\t\t\t\t\t\t\t\t\t\t\t<img decoding=\"async\" class=\"sp-thumbnail\" loading=\"lazy\" src=\"https:\/\/okalgarve.com\/wp-content\/plugins\/ultimate-responsive-image-slider\/assets\/img\/loading.gif\" data-src=\"https:\/\/okalgarve.com\/wp-content\/uploads\/2016\/04\/cimg4851-300x225.jpg\" alt=\"\"\/>\r\n\t\t\t\t\t\t\t\t\t\t\t<img decoding=\"async\" class=\"sp-thumbnail\" loading=\"lazy\" src=\"https:\/\/okalgarve.com\/wp-content\/plugins\/ultimate-responsive-image-slider\/assets\/img\/loading.gif\" data-src=\"https:\/\/okalgarve.com\/wp-content\/uploads\/2016\/04\/cimg4819-300x225.jpg\" alt=\"\"\/>\r\n\t\t\t\t\t\t\t\t\t\t\t<img decoding=\"async\" class=\"sp-thumbnail\" loading=\"lazy\" src=\"https:\/\/okalgarve.com\/wp-content\/plugins\/ultimate-responsive-image-slider\/assets\/img\/loading.gif\" data-src=\"https:\/\/okalgarve.com\/wp-content\/uploads\/2016\/04\/cimg4805-300x225.jpg\" alt=\"\"\/>\r\n\t\t\t\t\t\t\t\t\t\t\t<img decoding=\"async\" class=\"sp-thumbnail\" loading=\"lazy\" src=\"https:\/\/okalgarve.com\/wp-content\/plugins\/ultimate-responsive-image-slider\/assets\/img\/loading.gif\" data-src=\"https:\/\/okalgarve.com\/wp-content\/uploads\/2016\/04\/t2_bosque_de_sE3o_josE9_ar_quarto_de_casal_02-300x225.jpg\" alt=\"\"\/>\r\n\t\t\t\t\t\t\t\t\t\t\t<img decoding=\"async\" class=\"sp-thumbnail\" loading=\"lazy\" src=\"https:\/\/okalgarve.com\/wp-content\/plugins\/ultimate-responsive-image-slider\/assets\/img\/loading.gif\" data-src=\"https:\/\/okalgarve.com\/wp-content\/uploads\/2016\/04\/T2-Bosque-de-Sa\u0303o-Jose\u0301-AR-Quarto-de-casal-001o-300x225.jpg\" alt=\"\"\/>\r\n\t\t\t\t\t\t\t\t\t\t\t<img decoding=\"async\" class=\"sp-thumbnail\" loading=\"lazy\" src=\"https:\/\/okalgarve.com\/wp-content\/plugins\/ultimate-responsive-image-slider\/assets\/img\/loading.gif\" data-src=\"https:\/\/okalgarve.com\/wp-content\/uploads\/2016\/04\/T2-Bosque-de-Sa\u0303o-Jose\u0301-AR-WC-300x225.jpg\" alt=\"\"\/>\r\n\t\t\t\t\t\t\t\t<\/div>\r\n\t\t\t\t\t\t<!-- slides thumbnails div end -->\r\n\t\t<\/div>\r\n\t\t<style>\r\n\/* Layout 3 *\/\r\n\/* border *\/\r\n\r\n\/* font + color *\/\r\n.title-in  {\r\n\tfont-family: Arial !important;\r\n\tcolor: #FFFFFF !important;\r\n\tbackground-color: #FFFFFF !important;\r\n\topacity: 0.7 !important;\r\n}\r\n.desc-in  {\r\n\tfont-family: Arial !important;\r\n\tcolor: #FFFFFF !important;\r\n\tbackground-color: #FFFFFF !important;\r\n\topacity: 0.7 !important;\r\n}\r\n\r\n\/* bullets color *\/\r\n.sp-button  {\r\n\tborder: 2px solid #FFFFFF !important;\r\n}\r\n.sp-selected-button  {\r\n\tbackground-color: #FFFFFF !important;\r\n}\r\n\r\n\/* pointer color - bottom *\/\r\n.sp-selected-thumbnail::before {\r\n\tborder-bottom: 5px solid #FFFFFF !important;\r\n}\r\n.sp-selected-thumbnail::after {\r\n\tborder-bottom: 13px solid #FFFFFF !important;\r\n}\r\n\r\n\/* pointer color - top *\/\r\n\r\n\/* full screen icon *\/\r\n.sp-full-screen-button::before {\r\n    color: #FFFFFF !important;\r\n}\r\n\r\n\/* hover navigation icon color *\/\r\n.sp-next-arrow::after, .sp-next-arrow::before {\r\n\tbackground-color: #FFFFFF !important;\r\n}\r\n.sp-previous-arrow::after, .sp-previous-arrow::before {\r\n\tbackground-color: #FFFFFF !important;\r\n}\r\n\r\n#slider-pro-3-929 .title-in {\r\n\tcolor: #FFFFFF !important;\r\n\tfont-weight: bolder;\r\n\ttext-align: center;\r\n}\r\n\r\n#slider-pro-3-929 .title-in-bg {\r\n\tbackground: rgba(255, 255, 255, 0.7); !important;\r\n\twhite-space: unset !important;\r\n\ttransform: initial !important;\r\n\t-webkit-transform: initial !important;\r\n\tfont-size: 14px !important;\r\n}\r\n\r\n#slider-pro-3-929 .desc-in {\r\n\tcolor: #FFFFFF !important;\r\n\ttext-align: center;\r\n}\r\n#slider-pro-3-929 .desc-in-bg {\r\n\tbackground: rgba(#FFFFFF, 0.7) !important;\r\n\twhite-space: unset !important;\r\n\ttransform: initial !important;\r\n\t-webkit-transform: initial !important;\r\n\tfont-size: 13px !important;\r\n}\r\n\r\n@media (max-width: 640px) {\r\n\t#slider-pro-3-929 .hide-small-screen {\r\n\t\tdisplay: none;\r\n\t}\r\n}\r\n\r\n@media (max-width: 860px) {\r\n\t#slider-pro-3-929 .sp-layer {\r\n\t\tfont-size: 18px;\r\n\t}\r\n\t\r\n\t#slider-pro-3-929 .hide-medium-screen {\r\n\t\tdisplay: none;\r\n\t}\r\n}\r\n.slides-not-found {\r\n\tbackground-color: #a92929;\r\n\tborder-radius: 5px;\r\n\tcolor: #fff;\r\n\tfont-family: initial;\r\n\ttext-align: center;\r\n\tpadding:12px;\r\n}\r\n\/* Custom CSS *\/\r\n<\/style>\r\n\n<p>\u00a0<\/p>\n<p>Este apartamento fica numa zona recatada dos Olhos de \u00c1gua, no condom\u00ednio fechado Bosque de S\u00e3o Jos\u00e9, situado a 800 metros da praia dos Olhos de \u00c1gua e a 1000 metros da praia da Maria Lu\u00edsa (Balaia). O apartamento tem dois quartos alegremente decorados, com ar-condicionado e cozinha totalmente equipada e uma varanda a sul, para se aproveitar o sol. O condom\u00ednio tem uma piscina grande para adultos e outra para crian\u00e7as, o apartamento tem parqueamento fechado para dois carros. O condom\u00ednio disp\u00f5e de um pequeno bosque privado com v\u00e1rios bancos de descanso, churrasqueira, mesas para piquenique e um pequeno lago que serve de bebedouro para os p\u00e1ssaros. A pra\u00e7a do peixe e fruta dos Olhos de \u00c1gua e um supermercado ficam acerca de 100 metros, pelo que n\u00e3o \u00e9 necess\u00e1rio carro para os pequenos afazeres. Ideal para umas f\u00e9rias relaxantes.<\/p>\n<p>\u00a0<\/p>\n\t<h3>Geral<\/h3>\n<p><img loading=\"lazy\" decoding=\"async\" src=\"https:\/\/okalgarve.com\/home\/home\/wp-content\/uploads\/2016\/04\/people-1.png\" alt=\"people\" width=\"32\" height=\"32\" \/>\u00a0 Capacidade M\u00e1x. 5 Pessoas<\/p>\n<p><img loading=\"lazy\" decoding=\"async\" src=\"https:\/\/okalgarve.com\/home\/home\/wp-content\/uploads\/2016\/04\/furniture.png\" alt=\"furniture\" width=\"32\" height=\"32\" \/>\u00a0 2 Quartos<\/p>\n<p><img loading=\"lazy\" decoding=\"async\" src=\"https:\/\/okalgarve.com\/home\/home\/wp-content\/uploads\/2016\/04\/medical-1.png\" alt=\"medical\" width=\"32\" height=\"32\" \/>\u00a0 1 Casas de Banho<\/p>\n<p><img loading=\"lazy\" decoding=\"async\" src=\"https:\/\/okalgarve.com\/home\/home\/wp-content\/uploads\/2016\/04\/summer-3.png\" alt=\"summer\" width=\"32\" height=\"32\" \/>\u00a0 Praia de Olhos de \u00c1gua a 800m<\/p>\n<p><img loading=\"lazy\" decoding=\"async\" src=\"https:\/\/okalgarve.com\/home\/home\/wp-content\/uploads\/2016\/04\/commerce-1.png\" alt=\"commerce\" width=\"32\" height=\"32\" \/>\u00a0 Supermercado a 100m<\/p>\n<p><img loading=\"lazy\" decoding=\"async\" src=\"https:\/\/okalgarve.com\/home\/home\/wp-content\/uploads\/2016\/04\/restaurantes-1.png\" alt=\"restaurantes\" width=\"32\" height=\"32\" \/>\u00a0 Restaurantes a 100m<\/p>\n<p><img loading=\"lazy\" decoding=\"async\" src=\"https:\/\/okalgarve.com\/home\/home\/wp-content\/uploads\/2016\/04\/medical-2.png\" alt=\"medical\" width=\"32\" height=\"32\" \/>\u00a0 Farm\u00e1cia a 300m<\/p>\n\t<h3>Equipamentos<\/h3>\n<p><img loading=\"lazy\" decoding=\"async\" src=\"https:\/\/okalgarve.com\/home\/home\/wp-content\/uploads\/2016\/04\/technology-2-1.png\" alt=\"technology-2\" width=\"32\" height=\"32\" \/>\u00a0 Ar-condicionado<\/p>\n<p><img loading=\"lazy\" decoding=\"async\" src=\"https:\/\/okalgarve.com\/home\/home\/wp-content\/uploads\/2016\/04\/technology-1-1.png\" alt=\"technology-1\" width=\"32\" height=\"32\" \/>\u00a0 TV Sat\u00e9lite<\/p>\n<p><img loading=\"lazy\" decoding=\"async\" src=\"https:\/\/okalgarve.com\/home\/home\/wp-content\/uploads\/2016\/04\/technology-4.png\" alt=\"technology\" width=\"32\" height=\"32\" \/>\u00a0 M\u00e1quina de Lavar Roupa<\/p>\n<p><img loading=\"lazy\" decoding=\"async\" src=\"https:\/\/okalgarve.com\/home\/home\/wp-content\/uploads\/2016\/04\/spoon.png\" alt=\"spoon\" width=\"32\" height=\"32\" \/>\u00a0 M\u00e1quina de Lavar Loi\u00e7a<\/p>\n<p><img loading=\"lazy\" decoding=\"async\" src=\"https:\/\/okalgarve.com\/home\/home\/wp-content\/uploads\/2016\/04\/food-1.png\" alt=\"food\" width=\"32\" height=\"32\" \/>\u00a0 M\u00e1quina de Caf\u00e9<\/p>\n<p><img loading=\"lazy\" decoding=\"async\" src=\"https:\/\/okalgarve.com\/home\/home\/wp-content\/uploads\/2016\/04\/iron-1.png\" alt=\"iron\" width=\"32\" height=\"32\" \/>\u00a0 Ferro de Engomar<\/p>\n\t<h3>Exterior<\/h3>\n<p><img loading=\"lazy\" decoding=\"async\" src=\"https:\/\/okalgarve.com\/home\/home\/wp-content\/uploads\/2016\/04\/summer-2.png\" alt=\"summer\" width=\"32\" height=\"32\" \/>\u00a0 Piscina Comum (Adultos e Crian\u00e7as)<\/p>\n<p><img loading=\"lazy\" decoding=\"async\" src=\"https:\/\/okalgarve.com\/home\/home\/wp-content\/uploads\/2016\/04\/summer-1-1.png\" alt=\"summer-1\" width=\"32\" height=\"32\" \/>\u00a0 Espregui\u00e7adeiras<\/p>\n<p><img loading=\"lazy\" decoding=\"async\" src=\"https:\/\/okalgarve.com\/home\/home\/wp-content\/uploads\/2016\/04\/barbecue-1.png\" alt=\"barbecue\" width=\"32\" height=\"32\" \/>\u00a0 Barbecue<\/p>\n<p><img loading=\"lazy\" decoding=\"async\" src=\"https:\/\/okalgarve.com\/home\/home\/wp-content\/uploads\/2016\/04\/nature.png\" alt=\"nature\" width=\"32\" height=\"32\" \/>\u00a0 Zona Verde<\/p>\n\t<style>\n    .google-maps {\n        position: relative;\n        padding-bottom: 25%;\n        height: 0;\n        overflow: hidden;\n    }\n    .google-maps iframe {\n        position: absolute;\n        top: 0;\n        left: 0;\n        width: 100% !important;\n        height: 100% !important;\n    }\n<\/style>\n<iframe loading=\"lazy\" src=\"https:\/\/www.google.com\/maps\/embed?pb=!1m18!1m12!1m3!1d1350.7229661913316!2d-8.193937210458188!3d37.09438054745064!2m3!1f0!2f0!3f0!3m2!1i1024!2i768!4f13.1!3m3!1m2!1s0x0%3A0x0!2zMzfCsDA1JzQxLjMiTiA4wrAxMSczNi4wIlc!5e1!3m2!1spt-PT!2spt!4v1609604010185!5m2!1spt-PT!2spt\" width=\"3840\" height=\"2160\" frameborder=\"0\" allowfullscreen=\"\" aria-hidden=\"false\" tabindex=\"0\"><\/iframe>\n\t\n\n","protected":false},"excerpt":{"rendered":"","protected":false},"author":1,"featured_media":0,"parent":0,"menu_order":0,"comment_status":"closed","ping_status":"closed","template":"full-width-page.php","meta":{"footnotes":""},"class_list":["post-927","page","type-page","status-publish","hentry"],"_links":{"self":[{"href":"https:\/\/okalgarve.com\/home\/home\/wp-json\/wp\/v2\/pages\/927","targetHints":{"allow":["GET"]}}],"collection":[{"href":"https:\/\/okalgarve.com\/home\/home\/wp-json\/wp\/v2\/pages"}],"about":[{"href":"https:\/\/okalgarve.com\/home\/home\/wp-json\/wp\/v2\/types\/page"}],"author":[{"embeddable":true,"href":"https:\/\/okalgarve.com\/home\/home\/wp-json\/wp\/v2\/users\/1"}],"replies":[{"embeddable":true,"href":"https:\/\/okalgarve.com\/home\/home\/wp-json\/wp\/v2\/comments?post=927"}],"version-history":[{"count":8,"href":"https:\/\/okalgarve.com\/home\/home\/wp-json\/wp\/v2\/pages\/927\/revisions"}],"predecessor-version":[{"id":1866,"href":"https:\/\/okalgarve.com\/home\/home\/wp-json\/wp\/v2\/pages\/927\/revisions\/1866"}],"wp:attachment":[{"href":"https:\/\/okalgarve.com\/home\/home\/wp-json\/wp\/v2\/media?parent=927"}],"curies":[{"name":"wp","href":"https:\/\/api.w.org\/{rel}","templated":true}]}}